{"id":3,"date":"2025-08-15T16:02:25","date_gmt":"2025-08-15T16:02:25","guid":{"rendered":"https:\/\/aformula.16xv.com.br\/?page_id=3"},"modified":"2025-08-18T18:13:06","modified_gmt":"2025-08-18T18:13:06","slug":"privacidade","status":"publish","type":"page","link":"https:\/\/aformula.16xv.com.br\/index.php\/privacidade\/","title":{"rendered":"Pol\u00edtica de Privacidade"},"content":{"rendered":"\t\t<div data-elementor-type=\"wp-page\" data-elementor-id=\"3\" class=\"elementor elementor-3\" data-elementor-post-type=\"page\">\n\t\t\t\t<div class=\"elementor-element elementor-element-2fa5a103 e-flex e-con-boxed e-con e-parent\" data-id=\"2fa5a103\" data-element_type=\"container\" data-settings=\"{&quot;background_background&quot;:&quot;classic&quot;}\">\n\t\t\t\t\t<div class=\"e-con-inner\">\n\t\t\t\t<div class=\"elementor-element elementor-element-f707527 elementor-widget elementor-widget-image\" data-id=\"f707527\" data-element_type=\"widget\" data-widget_type=\"image.default\">\n\t\t\t\t\t\t\t\t\t\t\t\t\t\t\t<img fetchpriority=\"high\" decoding=\"async\" width=\"396\" height=\"196\" src=\"https:\/\/aformula.16xv.com.br\/wp-content\/uploads\/2025\/08\/aformula-logo1.webp\" class=\"attachment-large size-large wp-image-40\" alt=\"\" srcset=\"https:\/\/aformula.16xv.com.br\/wp-content\/uploads\/2025\/08\/aformula-logo1.webp 396w, https:\/\/aformula.16xv.com.br\/wp-content\/uploads\/2025\/08\/aformula-logo1-300x148.webp 300w\" sizes=\"(max-width: 396px) 100vw, 396px\" \/>\t\t\t\t\t\t\t\t\t\t\t\t\t\t\t<\/div>\n\t\t\t\t<div class=\"elementor-element elementor-element-c37243a elementor-widget elementor-widget-heading\" data-id=\"c37243a\" data-element_type=\"widget\" data-widget_type=\"heading.default\">\n\t\t\t\t\t<h2 class=\"elementor-heading-title elementor-size-default\">Pol\u00edtica de Privacidade<\/h2>\t\t\t\t<\/div>\n\t\t\t\t<div class=\"elementor-element elementor-element-4a85ae8a elementor-widget__width-initial elementor-widget elementor-widget-text-editor\" data-id=\"4a85ae8a\" data-element_type=\"widget\" data-widget_type=\"text-editor.default\">\n\t\t\t\t\t\t\t\t\t<h5 style=\"color: rgb(0, 0, 0); font-family: Montserrat, sans-serif;\">1.&nbsp;<span style=\"font-weight: bolder;\">Introdu\u00e7\u00e3o<\/span><\/h5>\n<h4>\n<p style=\"font-size: 16px;\">\n<\/p><p><span style=\"font-size: 1rem;\">A A F\u00f3rmula Tatuap\u00e9 se compromete com a privacidade e seguran\u00e7a dos dados de seus clientes. Esta Pol\u00edtica de Privacidade explica como coletamos, usamos, armazenamos e protegemos suas informa\u00e7\u00f5es ao utilizar nosso site e servi\u00e7os.<br><\/span><\/p><\/h4>\n<h5 style=\"color: rgb(0, 0, 0); font-family: Montserrat, sans-serif;\">2.&nbsp;<span style=\"font-weight: bolder;\">Coleta de Dados<\/span><\/h5>\n<p><\/p>\n<h4><span style=\"font-size: 1rem;\">Podemos coletar as seguintes informa\u00e7\u00f5es:<\/span><\/h4>\n<p><!-- \/wp:paragraph --><!-- wp:list --><\/p>\n<ul>\n<li style=\"list-style-type: none;\">\n<ul><!-- wp:list-item --><\/ul>\n<\/li>\n<\/ul>\n<ul>\n<li style=\"list-style-type: none;\">\n<ul>\n<li><strong>Dados pessoais:<\/strong>&nbsp;Nome, e-mail, telefone e endere\u00e7o para contato e entrega.<\/li>\n<\/ul>\n<\/li>\n<\/ul>\n<p><!-- \/wp:list-item --><!-- wp:list-item --><\/p>\n<ul>\n<li style=\"list-style-type: none;\">\n<ul>\n<li><strong>Dados de navega\u00e7\u00e3o:<\/strong>&nbsp;Cookies, endere\u00e7o IP e informa\u00e7\u00f5es sobre o dispositivo usado para acessar nosso site.<\/li>\n<\/ul>\n<\/li>\n<\/ul>\n<p><!-- \/wp:list-item --><!-- wp:list-item --><\/p>\n<ul>\n<li style=\"list-style-type: none;\">\n<ul>\n<li><strong>Dados de pagamento:<\/strong>&nbsp;Para processar compras, utilizamos parceiros de pagamento seguros e n\u00e3o armazenamos seus dados financeiros.<\/li>\n<\/ul>\n<\/li>\n<\/ul>\n<p><!-- \/wp:list-item --><\/p>\n<p><!-- \/wp:list --><!-- wp:heading {\"level\":5} --><\/p>\n<h5>3. <strong>Uso das Informa\u00e7\u00f5es<\/strong><\/h5>\n<p><!-- \/wp:heading --><!-- wp:paragraph --><\/p>\n<p>Utilizamos seus dados para:<\/p>\n<p><!-- \/wp:paragraph --><!-- wp:list --><\/p>\n<ul>\n<li style=\"list-style-type: none;\">\n<ul><!-- wp:list-item --><\/ul>\n<\/li>\n<\/ul>\n<ul>\n<li style=\"list-style-type: none;\">\n<ul>\n<li>Processamento de pedidos e entrega de produtos;<\/li>\n<\/ul>\n<\/li>\n<\/ul>\n<p><!-- \/wp:list-item --><!-- wp:list-item --><\/p>\n<ul>\n<li style=\"list-style-type: none;\">\n<ul>\n<li>Atendimento ao cliente e suporte;<\/li>\n<\/ul>\n<\/li>\n<\/ul>\n<p><!-- \/wp:list-item --><!-- wp:list-item --><\/p>\n<ul>\n<li style=\"list-style-type: none;\">\n<ul>\n<li>Envio de comunica\u00e7\u00f5es sobre promo\u00e7\u00f5es e novidades (com op\u00e7\u00e3o de cancelamento);<\/li>\n<\/ul>\n<\/li>\n<\/ul>\n<p><!-- \/wp:list-item --><!-- wp:list-item --><\/p>\n<ul>\n<li style=\"list-style-type: none;\">\n<ul>\n<li>An\u00e1lises de melhoria na experi\u00eancia do usu\u00e1rio em nosso site.<\/li>\n<\/ul>\n<\/li>\n<\/ul>\n<p><!-- \/wp:list-item --><\/p>\n<p><!-- \/wp:list --><!-- wp:heading {\"level\":5} --><\/p>\n<h5>4. <strong>Compartilhamento de Dados<\/strong><\/h5>\n<p><!-- \/wp:heading --><!-- wp:paragraph --><\/p>\n<p>N\u00e3o vendemos ou compartilhamos seus dados pessoais, exceto com prestadores de servi\u00e7o essenciais (ex.: empresas de log\u00edstica e pagamento) sob rigorosos padr\u00f5es de seguran\u00e7a.<\/p>\n<p><!-- \/wp:paragraph --><!-- wp:heading {\"level\":5} --><\/p>\n<h4>\n<p style=\"box-sizing: border-box; margin-block: 0px 0.9rem; color: rgb(0, 0, 0); font-family: Montserrat, sans-serif; font-size: 16px; font-style: normal; font-variant-ligatures: normal; font-variant-caps: normal; font-weight: 400; letter-spacing: normal; orphans: 2; text-align: start; text-indent: 0px; text-transform: none; widows: 2; word-spacing: 0px; -webkit-text-stroke-width: 0px; white-space: normal; background-color: rgb(0, 181, 189); text-decoration-thickness: initial; text-decoration-style: initial; text-decoration-color: initial;\">\n<\/p><\/h4>\n<h5 style=\"box-sizing: border-box; color: rgb(0, 0, 0); font-family: Montserrat, sans-serif; font-weight: 500; line-height: 1.2; margin-block: 0.5rem 1rem; font-size: 1.25rem; font-style: normal; font-variant-ligatures: normal; font-variant-caps: normal; letter-spacing: normal; orphans: 2; text-align: start; text-indent: 0px; text-transform: none; widows: 2; word-spacing: 0px; -webkit-text-stroke-width: 0px; white-space: normal; background-color: rgb(0, 181, 189); text-decoration-thickness: initial; text-decoration-style: initial; text-decoration-color: initial;\">5.<span>&nbsp;<\/span><strong style=\"box-sizing: border-box; font-weight: bolder;\">Seguran\u00e7a dos Dados<\/strong><\/h5>\n<p><!-- \/wp:heading --><!-- wp:paragraph --><\/p>\n<p>Adotamos medidas de seguran\u00e7a avan\u00e7adas para proteger suas informa\u00e7\u00f5es contra acessos n\u00e3o autorizados, garantindo a confidencialidade e integridade dos dados.<\/p>\n<p><!-- \/wp:paragraph --><!-- wp:heading {\"level\":5} --><\/p>\n<h5>6. <strong>Direitos do Usu\u00e1rio<\/strong><\/h5>\n<p><!-- \/wp:heading --><!-- wp:paragraph --><\/p>\n<p>Voc\u00ea pode solicitar a corre\u00e7\u00e3o, atualiza\u00e7\u00e3o ou exclus\u00e3o de seus dados pessoais entrando em contato conosco. Al\u00e9m disso, pode optar por n\u00e3o receber comunica\u00e7\u00f5es de marketing a qualquer momento.<\/p>\n<p><!-- \/wp:paragraph --><!-- wp:heading {\"level\":5} --><\/p>\n<h5>7. <strong>Altera\u00e7\u00f5es na Pol\u00edtica<\/strong><\/h5>\n<p><!-- \/wp:heading --><!-- wp:paragraph --><\/p>\n<p>Esta Pol\u00edtica pode ser atualizada periodicamente. Recomendamos que consulte esta p\u00e1gina regularmente para estar ciente de eventuais mudan\u00e7as.<\/p>\n<p><!-- \/wp:paragraph --><!-- wp:heading {\"level\":5} --><\/p>\n<h5>8. <strong>Contato<\/strong><\/h5>\n<p><!-- \/wp:heading --><!-- wp:paragraph --><\/p>\n<p>Se tiver d\u00favidas sobre nossa Pol\u00edtica de Privacidade, entre em contato pelo e-mail: <a href=\"mailto:compras.aformulatatuape@gmail.com\">compras.aformulatatuape@gmail.com<\/a><\/p>\n<p><!-- \/wp:paragraph --><!-- wp:paragraph --><\/p>\n<p><!-- \/wp:paragraph --><\/p>\t\t\t\t\t\t\t\t<\/div>\n\t\t\t\t<div class=\"elementor-element elementor-element-ba74fa1 elementor-view-default elementor-widget elementor-widget-icon\" data-id=\"ba74fa1\" data-element_type=\"widget\" data-widget_type=\"icon.default\">\n\t\t\t\t\t\t\t<div class=\"elementor-icon-wrapper\">\n\t\t\t<a class=\"elementor-icon\" href=\"https:\/\/aformula.16xv.com.br\/\">\n\t\t\t<svg aria-hidden=\"true\" class=\"e-font-icon-svg e-far-arrow-alt-circle-left\" viewBox=\"0 0 512 512\" xmlns=\"http:\/\/www.w3.org\/2000\/svg\"><path d=\"M8 256c0 137 111 248 248 248s248-111 248-248S393 8 256 8 8 119 8 256zm448 0c0 110.5-89.5 200-200 200S56 366.5 56 256 145.5 56 256 56s200 89.5 200 200zm-72-20v40c0 6.6-5.4 12-12 12H256v67c0 10.7-12.9 16-20.5 8.5l-99-99c-4.7-4.7-4.7-12.3 0-17l99-99c7.6-7.6 20.5-2.2 20.5 8.5v67h116c6.6 0 12 5.4 12 12z\"><\/path><\/svg>\t\t\t<\/a>\n\t\t<\/div>\n\t\t\t\t\t\t<\/div>\n\t\t\t\t\t<\/div>\n\t\t\t\t<\/div>\n\t\t\t\t<\/div>\n\t\t","protected":false},"excerpt":{"rendered":"<p>Pol\u00edtica de Privacidade 1.&nbsp;Introdu\u00e7\u00e3o A A F\u00f3rmula Tatuap\u00e9 se compromete com a privacidade e seguran\u00e7a dos dados de seus clientes. Esta Pol\u00edtica de Privacidade explica como coletamos, usamos, armazenamos e protegemos suas informa\u00e7\u00f5es ao utilizar nosso site e servi\u00e7os. 2.&nbsp;Coleta de Dados Podemos coletar as seguintes informa\u00e7\u00f5es: Dados pessoais:&nbsp;Nome, e-mail, telefone e endere\u00e7o para contato [&hellip;]<\/p>\n","protected":false},"author":1,"featured_media":0,"parent":0,"menu_order":0,"comment_status":"closed","ping_status":"closed","template":"elementor_canvas","meta":{"footnotes":""},"class_list":["post-3","page","type-page","status-publish","hentry"],"_links":{"self":[{"href":"https:\/\/aformula.16xv.com.br\/index.php\/wp-json\/wp\/v2\/pages\/3","targetHints":{"allow":["GET"]}}],"collection":[{"href":"https:\/\/aformula.16xv.com.br\/index.php\/wp-json\/wp\/v2\/pages"}],"about":[{"href":"https:\/\/aformula.16xv.com.br\/index.php\/wp-json\/wp\/v2\/types\/page"}],"author":[{"embeddable":true,"href":"https:\/\/aformula.16xv.com.br\/index.php\/wp-json\/wp\/v2\/users\/1"}],"replies":[{"embeddable":true,"href":"https:\/\/aformula.16xv.com.br\/index.php\/wp-json\/wp\/v2\/comments?post=3"}],"version-history":[{"count":38,"href":"https:\/\/aformula.16xv.com.br\/index.php\/wp-json\/wp\/v2\/pages\/3\/revisions"}],"predecessor-version":[{"id":764,"href":"https:\/\/aformula.16xv.com.br\/index.php\/wp-json\/wp\/v2\/pages\/3\/revisions\/764"}],"wp:attachment":[{"href":"https:\/\/aformula.16xv.com.br\/index.php\/wp-json\/wp\/v2\/media?parent=3"}],"curies":[{"name":"wp","href":"https:\/\/api.w.org\/{rel}","templated":true}]}}